{"id":1601,"date":"2024-01-25T09:39:24","date_gmt":"2024-01-25T07:39:24","guid":{"rendered":"https:\/\/ariesstudy.se\/?page_id=1601"},"modified":"2026-04-14T16:25:36","modified_gmt":"2026-04-14T14:25:36","slug":"studieinformation","status":"publish","type":"page","link":"https:\/\/ariesstudy.se\/?page_id=1601","title":{"rendered":"Studieinformation"},"content":{"rendered":"\t\t<div data-elementor-type=\"wp-page\" data-elementor-id=\"1601\" class=\"elementor elementor-1601\" data-elementor-post-type=\"page\">\n\t\t\t\t<div class=\"elementor-element elementor-element-ddbc509 e-flex e-con-boxed e-con e-parent\" data-id=\"ddbc509\" data-element_type=\"container\" data-e-type=\"container\">\n\t\t\t\t\t<div class=\"e-con-inner\">\n\t\t\t\t<div class=\"elementor-element elementor-element-ed3424c elementor-widget elementor-widget-heading\" data-id=\"ed3424c\" data-element_type=\"widget\" data-e-type=\"widget\" data-widget_type=\"heading.default\">\n\t\t\t\t<div class=\"elementor-widget-container\">\n\t\t\t\t\t<h2 class=\"elementor-heading-title elementor-size-default\">Studieinformation<\/h2>\t\t\t\t<\/div>\n\t\t\t\t<\/div>\n\t\t\t\t<div class=\"elementor-element elementor-element-c12a6e1 elementor-widget elementor-widget-text-editor\" data-id=\"c12a6e1\" data-element_type=\"widget\" data-e-type=\"widget\" data-widget_type=\"text-editor.default\">\n\t\t\t\t<div class=\"elementor-widget-container\">\n\t\t\t\t\t\t\t\t\t<p><span class=\"TextRun SCXW11048665 BCX9\" lang=\"SV-SE\" xml:lang=\"SV-SE\" data-contrast=\"auto\"><span class=\"NormalTextRun SCXW11048665 BCX9\">H\u00e4r hittar du <\/span><span class=\"NormalTextRun SCXW11048665 BCX9\">studie<\/span><span class=\"NormalTextRun SCXW11048665 BCX9\">information f\u00f6r barn, ungdomar och <\/span><span class=\"NormalTextRun SCXW11048665 BCX9\">v\u00e5rdnadshavare<\/span><span class=\"NormalTextRun SCXW11048665 BCX9\">. Trots att det \u00e4r du som v\u00e5rdnadshavare som utf\u00f6r de flesta momenten i studien s\u00e5 m\u00e5ste ditt barn ge dig sitt muntliga samtycke till att delta i studien. Det \u00e4r d\u00e4rf\u00f6r <\/span><span class=\"NormalTextRun SCXW11048665 BCX9\">viktigt att<\/span><span class=\"NormalTextRun SCXW11048665 BCX9\"> du visar ditt barn\/din ungdom forskningsinformationen som \u00e4r anpassad <\/span><span class=\"NormalTextRun SCXW11048665 BCX9\">f\u00f6r<\/span><span class=\"NormalTextRun SCXW11048665 BCX9\"> dess \u00e5lder.<\/span><\/span><span class=\"EOP SCXW11048665 BCX9\" data-ccp-props=\"{}\">\u00a0<\/span><\/p>\t\t\t\t\t\t\t\t<\/div>\n\t\t\t\t<\/div>\n\t\t\t\t\t<\/div>\n\t\t\t\t<\/div>\n\t\t<div class=\"elementor-element elementor-element-29c24b1 e-flex e-con-boxed e-con e-parent\" data-id=\"29c24b1\" data-element_type=\"container\" data-e-type=\"container\">\n\t\t\t\t\t<div class=\"e-con-inner\">\n\t\t\t\t<div class=\"elementor-element elementor-element-2f6e249 elementor-widget elementor-widget-text-editor\" data-id=\"2f6e249\" data-element_type=\"widget\" data-e-type=\"widget\" data-widget_type=\"text-editor.default\">\n\t\t\t\t<div class=\"elementor-widget-container\">\n\t\t\t\t\t\t\t\t\t<p>\u00a0<\/p><p>\u00a0<\/p>\t\t\t\t\t\t\t\t<\/div>\n\t\t\t\t<\/div>\n\t\t\t\t\t<\/div>\n\t\t\t\t<\/div>\n\t\t<div class=\"elementor-element elementor-element-4a7ab1c e-grid e-con-boxed e-con e-parent\" data-id=\"4a7ab1c\" data-element_type=\"container\" data-e-type=\"container\">\n\t\t\t\t\t<div class=\"e-con-inner\">\n\t\t\t\t<div class=\"elementor-element elementor-element-4065a33 elementor-align-justify elementor-widget elementor-widget-button\" data-id=\"4065a33\" data-element_type=\"widget\" data-e-type=\"widget\" data-widget_type=\"button.default\">\n\t\t\t\t<div class=\"elementor-widget-container\">\n\t\t\t\t\t\t\t\t\t<div class=\"elementor-button-wrapper\">\n\t\t\t\t\t<a class=\"elementor-button elementor-button-link elementor-size-sm elementor-animation-grow\" href=\"https:\/\/ariesstudy.se\/?page_id=714\" target=\"_blank\">\n\t\t\t\t\t\t<span class=\"elementor-button-content-wrapper\">\n\t\t\t\t\t\t\t\t\t<span class=\"elementor-button-text\">Barn<\/span>\n\t\t\t\t\t<\/span>\n\t\t\t\t\t<\/a>\n\t\t\t\t<\/div>\n\t\t\t\t\t\t\t\t<\/div>\n\t\t\t\t<\/div>\n\t\t\t\t<div class=\"elementor-element elementor-element-a1257aa elementor-align-justify elementor-widget elementor-widget-button\" data-id=\"a1257aa\" data-element_type=\"widget\" data-e-type=\"widget\" data-widget_type=\"button.default\">\n\t\t\t\t<div class=\"elementor-widget-container\">\n\t\t\t\t\t\t\t\t\t<div class=\"elementor-button-wrapper\">\n\t\t\t\t\t<a class=\"elementor-button elementor-button-link elementor-size-sm elementor-animation-grow\" href=\"https:\/\/ariesstudy.se\/wp-content\/uploads\/2024\/11\/FPI_barn_12_till_14-a\u030ar_ARIES_v1_2.pdf\" target=\"_blank\">\n\t\t\t\t\t\t<span class=\"elementor-button-content-wrapper\">\n\t\t\t\t\t\t\t\t\t<span class=\"elementor-button-text\">Ungdomar <\/span>\n\t\t\t\t\t<\/span>\n\t\t\t\t\t<\/a>\n\t\t\t\t<\/div>\n\t\t\t\t\t\t\t\t<\/div>\n\t\t\t\t<\/div>\n\t\t\t\t<div class=\"elementor-element elementor-element-6ef98e4 elementor-align-justify elementor-widget elementor-widget-button\" data-id=\"6ef98e4\" data-element_type=\"widget\" data-e-type=\"widget\" data-widget_type=\"button.default\">\n\t\t\t\t<div class=\"elementor-widget-container\">\n\t\t\t\t\t\t\t\t\t<div class=\"elementor-button-wrapper\">\n\t\t\t\t\t<a class=\"elementor-button elementor-button-link elementor-size-sm elementor-animation-grow\" href=\"https:\/\/ariesstudy.se\/wp-content\/uploads\/2024\/10\/FPI-vardnadshavare_ARIES_v1_1.pdf\" target=\"_blank\">\n\t\t\t\t\t\t<span class=\"elementor-button-content-wrapper\">\n\t\t\t\t\t\t\t\t\t<span class=\"elementor-button-text\">V\u00e5rdnadshavare<\/span>\n\t\t\t\t\t<\/span>\n\t\t\t\t\t<\/a>\n\t\t\t\t<\/div>\n\t\t\t\t\t\t\t\t<\/div>\n\t\t\t\t<\/div>\n\t\t\t\t\t<\/div>\n\t\t\t\t<\/div>\n\t\t\t\t<\/div>\n\t\t","protected":false},"excerpt":{"rendered":"<p>Studieinformation H\u00e4r hittar du studieinformation f\u00f6r barn, ungdomar och v\u00e5rdnadshavare. Trots att det \u00e4r du som v\u00e5rdnadshavare som utf\u00f6r de flesta momenten i studien s\u00e5 m\u00e5ste ditt barn ge dig sitt muntliga samtycke till att delta i studien. Det \u00e4r d\u00e4rf\u00f6r viktigt att du visar ditt barn\/din ungdom forskningsinformationen som \u00e4r anpassad f\u00f6r dess \u00e5lder.\u00a0 [&hellip;]<\/p>\n","protected":false},"author":50,"featured_media":0,"parent":0,"menu_order":0,"comment_status":"closed","ping_status":"closed","template":"elementor_header_footer","meta":{"footnotes":""},"class_list":["post-1601","page","type-page","status-publish","hentry"],"blocksy_meta":[],"_links":{"self":[{"href":"https:\/\/ariesstudy.se\/index.php?rest_route=\/wp\/v2\/pages\/1601","targetHints":{"allow":["GET"]}}],"collection":[{"href":"https:\/\/ariesstudy.se\/index.php?rest_route=\/wp\/v2\/pages"}],"about":[{"href":"https:\/\/ariesstudy.se\/index.php?rest_route=\/wp\/v2\/types\/page"}],"author":[{"embeddable":true,"href":"https:\/\/ariesstudy.se\/index.php?rest_route=\/wp\/v2\/users\/50"}],"replies":[{"embeddable":true,"href":"https:\/\/ariesstudy.se\/index.php?rest_route=%2Fwp%2Fv2%2Fcomments&post=1601"}],"version-history":[{"count":67,"href":"https:\/\/ariesstudy.se\/index.php?rest_route=\/wp\/v2\/pages\/1601\/revisions"}],"predecessor-version":[{"id":2369,"href":"https:\/\/ariesstudy.se\/index.php?rest_route=\/wp\/v2\/pages\/1601\/revisions\/2369"}],"wp:attachment":[{"href":"https:\/\/ariesstudy.se\/index.php?rest_route=%2Fwp%2Fv2%2Fmedia&parent=1601"}],"curies":[{"name":"wp","href":"https:\/\/api.w.org\/{rel}","templated":true}]}}