{"id":714,"date":"2023-10-13T15:10:46","date_gmt":"2023-10-13T13:10:46","guid":{"rendered":"https:\/\/ariesstudy.se\/?page_id=714"},"modified":"2024-04-16T13:26:12","modified_gmt":"2024-04-16T11:26:12","slug":"elementor-714","status":"publish","type":"page","link":"https:\/\/ariesstudy.se\/?page_id=714","title":{"rendered":"ARIES f\u00f6r barn"},"content":{"rendered":"\t\t<div data-elementor-type=\"wp-page\" data-elementor-id=\"714\" class=\"elementor elementor-714\" data-elementor-post-type=\"page\">\n\t\t\t\t<div class=\"elementor-element elementor-element-b2b07fe e-flex e-con-boxed e-con e-parent\" data-id=\"b2b07fe\" data-element_type=\"container\" data-e-type=\"container\">\n\t\t\t\t\t<div class=\"e-con-inner\">\n\t\t\t\t\t<\/div>\n\t\t\t\t<\/div>\n\t\t<div class=\"elementor-element elementor-element-fb788a3 e-flex e-con-boxed e-con e-parent\" data-id=\"fb788a3\" data-element_type=\"container\" data-e-type=\"container\">\n\t\t\t\t\t<div class=\"e-con-inner\">\n\t\t\t\t<div class=\"elementor-element elementor-element-14e4593 elementor-widget elementor-widget-heading\" data-id=\"14e4593\" data-element_type=\"widget\" data-e-type=\"widget\" data-widget_type=\"heading.default\">\n\t\t\t\t<div class=\"elementor-widget-container\">\n\t\t\t\t\t<h2 class=\"elementor-heading-title elementor-size-default\">Studieinformation f\u00f6r barn<\/h2>\t\t\t\t<\/div>\n\t\t\t\t<\/div>\n\t\t\t\t<div class=\"elementor-element elementor-element-1b74951 elementor-widget elementor-widget-text-editor\" data-id=\"1b74951\" data-element_type=\"widget\" data-e-type=\"widget\" data-widget_type=\"text-editor.default\">\n\t\t\t\t<div class=\"elementor-widget-container\">\n\t\t\t\t\t\t\t\t\t<p>Ditt barn m\u00e5ste ge dig sitt muntliga samtycke till att medverka i studien. F\u00f6ljande animering kan du visa och anv\u00e4nda f\u00f6r att f\u00f6rklara vad studien handlar om.<\/p>\t\t\t\t\t\t\t\t<\/div>\n\t\t\t\t<\/div>\n\t\t\t\t\t<\/div>\n\t\t\t\t<\/div>\n\t\t<div class=\"elementor-element elementor-element-6bf1bd1 e-grid e-con-boxed e-con e-parent\" data-id=\"6bf1bd1\" data-element_type=\"container\" data-e-type=\"container\">\n\t\t\t\t\t<div class=\"e-con-inner\">\n\t\t\t\t<div class=\"elementor-element elementor-element-63ca223 elementor-widget elementor-widget-image\" data-id=\"63ca223\" data-element_type=\"widget\" data-e-type=\"widget\" data-widget_type=\"image.default\">\n\t\t\t\t<div class=\"elementor-widget-container\">\n\t\t\t\t\t\t\t\t\t\t\t\t\t\t\t<img fetchpriority=\"high\" decoding=\"async\" width=\"1024\" height=\"819\" src=\"https:\/\/ariesstudy.se\/wp-content\/uploads\/2023\/10\/1_v2-1024x819.png\" class=\"attachment-large size-large wp-image-716\" alt=\"\" srcset=\"https:\/\/ariesstudy.se\/wp-content\/uploads\/2023\/10\/1_v2-1024x819.png 1024w, https:\/\/ariesstudy.se\/wp-content\/uploads\/2023\/10\/1_v2-300x240.png 300w, https:\/\/ariesstudy.se\/wp-content\/uploads\/2023\/10\/1_v2-768x614.png 768w, https:\/\/ariesstudy.se\/wp-content\/uploads\/2023\/10\/1_v2-1536x1229.png 1536w, https:\/\/ariesstudy.se\/wp-content\/uploads\/2023\/10\/1_v2.png 2000w\" sizes=\"(max-width: 1024px) 100vw, 1024px\" \/>\t\t\t\t\t\t\t\t\t\t\t\t\t\t\t<\/div>\n\t\t\t\t<\/div>\n\t\t\t\t<div class=\"elementor-element elementor-element-dbf6cca elementor-widget elementor-widget-image\" data-id=\"dbf6cca\" data-element_type=\"widget\" data-e-type=\"widget\" data-widget_type=\"image.default\">\n\t\t\t\t<div class=\"elementor-widget-container\">\n\t\t\t\t\t\t\t\t\t\t\t\t\t\t\t<img decoding=\"async\" width=\"1024\" height=\"819\" src=\"https:\/\/ariesstudy.se\/wp-content\/uploads\/2023\/10\/2_v3-1024x819.png\" class=\"attachment-large size-large wp-image-717\" alt=\"\" srcset=\"https:\/\/ariesstudy.se\/wp-content\/uploads\/2023\/10\/2_v3-1024x819.png 1024w, https:\/\/ariesstudy.se\/wp-content\/uploads\/2023\/10\/2_v3-300x240.png 300w, https:\/\/ariesstudy.se\/wp-content\/uploads\/2023\/10\/2_v3-768x614.png 768w, https:\/\/ariesstudy.se\/wp-content\/uploads\/2023\/10\/2_v3-1536x1229.png 1536w, https:\/\/ariesstudy.se\/wp-content\/uploads\/2023\/10\/2_v3.png 2000w\" sizes=\"(max-width: 1024px) 100vw, 1024px\" \/>\t\t\t\t\t\t\t\t\t\t\t\t\t\t\t<\/div>\n\t\t\t\t<\/div>\n\t\t\t\t<div class=\"elementor-element elementor-element-9ad1c69 elementor-widget elementor-widget-image\" data-id=\"9ad1c69\" data-element_type=\"widget\" data-e-type=\"widget\" data-widget_type=\"image.default\">\n\t\t\t\t<div class=\"elementor-widget-container\">\n\t\t\t\t\t\t\t\t\t\t\t\t\t\t\t<img decoding=\"async\" width=\"1024\" height=\"819\" src=\"https:\/\/ariesstudy.se\/wp-content\/uploads\/2023\/10\/3_v8-1024x819.png\" class=\"attachment-large size-large wp-image-718\" alt=\"\" srcset=\"https:\/\/ariesstudy.se\/wp-content\/uploads\/2023\/10\/3_v8-1024x819.png 1024w, https:\/\/ariesstudy.se\/wp-content\/uploads\/2023\/10\/3_v8-300x240.png 300w, https:\/\/ariesstudy.se\/wp-content\/uploads\/2023\/10\/3_v8-768x614.png 768w, https:\/\/ariesstudy.se\/wp-content\/uploads\/2023\/10\/3_v8-1536x1229.png 1536w, https:\/\/ariesstudy.se\/wp-content\/uploads\/2023\/10\/3_v8.png 2000w\" sizes=\"(max-width: 1024px) 100vw, 1024px\" \/>\t\t\t\t\t\t\t\t\t\t\t\t\t\t\t<\/div>\n\t\t\t\t<\/div>\n\t\t\t\t<div class=\"elementor-element elementor-element-5890717 elementor-widget elementor-widget-image\" data-id=\"5890717\" data-element_type=\"widget\" data-e-type=\"widget\" data-widget_type=\"image.default\">\n\t\t\t\t<div class=\"elementor-widget-container\">\n\t\t\t\t\t\t\t\t\t\t\t\t\t\t\t<img loading=\"lazy\" decoding=\"async\" width=\"1024\" height=\"819\" src=\"https:\/\/ariesstudy.se\/wp-content\/uploads\/2023\/10\/4-1024x819.png\" class=\"attachment-large size-large wp-image-719\" alt=\"\" srcset=\"https:\/\/ariesstudy.se\/wp-content\/uploads\/2023\/10\/4-1024x819.png 1024w, https:\/\/ariesstudy.se\/wp-content\/uploads\/2023\/10\/4-300x240.png 300w, https:\/\/ariesstudy.se\/wp-content\/uploads\/2023\/10\/4-768x614.png 768w, https:\/\/ariesstudy.se\/wp-content\/uploads\/2023\/10\/4-1536x1229.png 1536w, https:\/\/ariesstudy.se\/wp-content\/uploads\/2023\/10\/4.png 2000w\" sizes=\"(max-width: 1024px) 100vw, 1024px\" \/>\t\t\t\t\t\t\t\t\t\t\t\t\t\t\t<\/div>\n\t\t\t\t<\/div>\n\t\t\t\t<div class=\"elementor-element elementor-element-029056b elementor-widget elementor-widget-image\" data-id=\"029056b\" data-element_type=\"widget\" data-e-type=\"widget\" data-widget_type=\"image.default\">\n\t\t\t\t<div class=\"elementor-widget-container\">\n\t\t\t\t\t\t\t\t\t\t\t\t\t\t\t<img loading=\"lazy\" decoding=\"async\" width=\"1024\" height=\"819\" src=\"https:\/\/ariesstudy.se\/wp-content\/uploads\/2023\/10\/5_v5-1024x819.png\" class=\"attachment-large size-large wp-image-761\" alt=\"\" srcset=\"https:\/\/ariesstudy.se\/wp-content\/uploads\/2023\/10\/5_v5-1024x819.png 1024w, https:\/\/ariesstudy.se\/wp-content\/uploads\/2023\/10\/5_v5-300x240.png 300w, https:\/\/ariesstudy.se\/wp-content\/uploads\/2023\/10\/5_v5-768x614.png 768w, https:\/\/ariesstudy.se\/wp-content\/uploads\/2023\/10\/5_v5-1536x1229.png 1536w, https:\/\/ariesstudy.se\/wp-content\/uploads\/2023\/10\/5_v5.png 2000w\" sizes=\"(max-width: 1024px) 100vw, 1024px\" \/>\t\t\t\t\t\t\t\t\t\t\t\t\t\t\t<\/div>\n\t\t\t\t<\/div>\n\t\t\t\t<div class=\"elementor-element elementor-element-6b1289a elementor-widget elementor-widget-image\" data-id=\"6b1289a\" data-element_type=\"widget\" data-e-type=\"widget\" data-widget_type=\"image.default\">\n\t\t\t\t<div class=\"elementor-widget-container\">\n\t\t\t\t\t\t\t\t\t\t\t\t\t\t\t<img loading=\"lazy\" decoding=\"async\" width=\"1024\" height=\"819\" src=\"https:\/\/ariesstudy.se\/wp-content\/uploads\/2023\/10\/6-1024x819.png\" class=\"attachment-large size-large wp-image-721\" alt=\"\" srcset=\"https:\/\/ariesstudy.se\/wp-content\/uploads\/2023\/10\/6-1024x819.png 1024w, https:\/\/ariesstudy.se\/wp-content\/uploads\/2023\/10\/6-300x240.png 300w, https:\/\/ariesstudy.se\/wp-content\/uploads\/2023\/10\/6-768x614.png 768w, https:\/\/ariesstudy.se\/wp-content\/uploads\/2023\/10\/6-1536x1229.png 1536w, https:\/\/ariesstudy.se\/wp-content\/uploads\/2023\/10\/6.png 2000w\" sizes=\"(max-width: 1024px) 100vw, 1024px\" \/>\t\t\t\t\t\t\t\t\t\t\t\t\t\t\t<\/div>\n\t\t\t\t<\/div>\n\t\t\t\t\t<\/div>\n\t\t\t\t<\/div>\n\t\t\t\t<\/div>\n\t\t","protected":false},"excerpt":{"rendered":"<p>Studieinformation f\u00f6r barn Ditt barn m\u00e5ste ge dig sitt muntliga samtycke till att medverka i studien. F\u00f6ljande animering kan du visa och anv\u00e4nda f\u00f6r att f\u00f6rklara vad studien handlar om.<\/p>\n","protected":false},"author":50,"featured_media":0,"parent":23,"menu_order":0,"comment_status":"closed","ping_status":"closed","template":"elementor_header_footer","meta":{"footnotes":""},"class_list":["post-714","page","type-page","status-publish","hentry"],"blocksy_meta":[],"_links":{"self":[{"href":"https:\/\/ariesstudy.se\/index.php?rest_route=\/wp\/v2\/pages\/714","targetHints":{"allow":["GET"]}}],"collection":[{"href":"https:\/\/ariesstudy.se\/index.php?rest_route=\/wp\/v2\/pages"}],"about":[{"href":"https:\/\/ariesstudy.se\/index.php?rest_route=\/wp\/v2\/types\/page"}],"author":[{"embeddable":true,"href":"https:\/\/ariesstudy.se\/index.php?rest_route=\/wp\/v2\/users\/50"}],"replies":[{"embeddable":true,"href":"https:\/\/ariesstudy.se\/index.php?rest_route=%2Fwp%2Fv2%2Fcomments&post=714"}],"version-history":[{"count":31,"href":"https:\/\/ariesstudy.se\/index.php?rest_route=\/wp\/v2\/pages\/714\/revisions"}],"predecessor-version":[{"id":2191,"href":"https:\/\/ariesstudy.se\/index.php?rest_route=\/wp\/v2\/pages\/714\/revisions\/2191"}],"up":[{"embeddable":true,"href":"https:\/\/ariesstudy.se\/index.php?rest_route=\/wp\/v2\/pages\/23"}],"wp:attachment":[{"href":"https:\/\/ariesstudy.se\/index.php?rest_route=%2Fwp%2Fv2%2Fmedia&parent=714"}],"curies":[{"name":"wp","href":"https:\/\/api.w.org\/{rel}","templated":true}]}}